{"id":265,"date":"2018-04-10T10:05:52","date_gmt":"2018-04-10T08:05:52","guid":{"rendered":"http:\/\/www.foodcatering.sk\/?page_id=265"},"modified":"2021-05-31T14:20:46","modified_gmt":"2021-05-31T12:20:46","slug":"dezerty-torty","status":"publish","type":"page","link":"https:\/\/www.foodcatering.sk\/en\/menu\/dezerty-torty\/","title":{"rendered":"DEZERTY \/ TORTY"},"content":{"rendered":"<div class=\"wpb-content-wrapper\"><p>[vc_row gap=&#8221;10&#8243;][vc_column width=&#8221;1\/6&#8243;][\/vc_column][vc_column width=&#8221;2\/3&#8243;][vc_single_image image=&#8221;267&#8243; img_size=&#8221;200&#215;200&#8243; alignment=&#8221;center&#8221; style=&#8221;vc_box_shadow_border_circle_2&#8243; onclick=&#8221;link_image&#8221;][vc_row_inner gap=&#8221;20&#8243; animation_delay=&#8221;&#8221;][vc_column_inner animation_duration=&#8221;500&#8243; animation_delay=&#8221;500&#8243; css=&#8221;.vc_custom_1522070372190{border-top-width: 1px !important;border-right-width: 1px !important;border-bottom-width: 1px !important;border-left-width: 1px !important;padding-top: 20px !important;padding-right: 20px !important;padding-bottom: 20px !important;padding-left: 20px !important;border-left-color: #d6d6d6 !important;border-left-style: solid !important;border-right-color: #d6d6d6 !important;border-right-style: solid !important;border-top-color: #d6d6d6 !important;border-top-style: solid !important;border-bottom-color: #d6d6d6 !important;border-bottom-style: solid !important;border-radius: 5px !important;}&#8221; animation_type=&#8221;fadeInUp&#8221;][vc_empty_space]<div id=\"ultimate-heading-989669f3c44fb231a\" class=\"uvc-heading ult-adjust-bottom-margin ultimate-heading-989669f3c44fb231a uvc-3959 \" data-hspacer=\"line_only\"  data-halign=\"center\" style=\"text-align:center\"><div class=\"uvc-main-heading ult-responsive\"  data-ultimate-target='.uvc-heading.ultimate-heading-989669f3c44fb231a h2'  data-responsive-json-new='{\"font-size\":\"\",\"line-height\":\"\"}' ><h2 style=\"font-weight:normal;\">Mignon dezerty<\/h2><\/div><div class=\"uvc-heading-spacer line_only\" style=\"margin-top:20px;margin-bottom:20px;height:3px;\"><span class=\"uvc-headings-line\" style=\"border-style:solid;border-bottom-width:3px;border-color:#758d1b;width:20px;\"><\/span><\/div><div class=\"uvc-sub-heading ult-responsive\"  data-ultimate-target='.uvc-heading.ultimate-heading-989669f3c44fb231a .uvc-sub-heading '  data-responsive-json-new='{\"font-size\":\"desktop:18px;\",\"line-height\":\"\"}'  style=\"font-weight:normal;color:#000000;\">50g<\/div><\/div>[vc_empty_space][vc_column_text]<\/p>\n<p style=\"text-align: center;\">viede\u0148sk\u00e1 Sacher kocka<br \/>\nTiramisu s kr\u00e9mom mascarpone a amaretom<br \/>\nkaramelov\u00fd vetrn\u00ed\u010dek<br \/>\ntartaletka s vanilkov\u00fdm kr\u00e9mom (brosky\u0148ov\u00e1, alebo jahodovo-malinov\u00e1)<br \/>\nbanketka s belgickou \u010dokol\u00e1dou<br \/>\nguli\u010dka(ga\u0161tanov\u00e1\/kokosov\u00e1\/orie\u0161kov\u00e1)<br \/>\nmi\u0148on pun\u010d rez<br \/>\nlaskonka<br \/>\nkokosov\u00e1 rol\u00e1dka s malinov\u00fdm chutney<br \/>\nmozart rez<br \/>\ncitr\u00f3nov\u00fd rez<br \/>\nmi\u0148on cheese cake<br \/>\nesterh\u00e1zy<br \/>\n\u0161v\u00e9dsky mand\u013eov\u00fd<br \/>\nganache jablkov\u00fd<br \/>\nganage makov\u00fd s vi\u0161\u0148ami<br \/>\nzelen\u00fd \u010daj s jahodovou penou<\/p>\n<p style=\"text-align: center;\"><span style=\"color: #000000;\"><strong>1,30\u20ac<\/strong><\/span><\/p>\n<p>[\/vc_column_text][\/vc_column_inner][\/vc_row_inner][vc_empty_space][vc_row_inner gap=&#8221;20&#8243; animation_delay=&#8221;&#8221;][vc_column_inner animation_duration=&#8221;500&#8243; animation_delay=&#8221;500&#8243; css=&#8221;.vc_custom_1522070372190{border-top-width: 1px !important;border-right-width: 1px !important;border-bottom-width: 1px !important;border-left-width: 1px !important;padding-top: 20px !important;padding-right: 20px !important;padding-bottom: 20px !important;padding-left: 20px !important;border-left-color: #d6d6d6 !important;border-left-style: solid !important;border-right-color: #d6d6d6 !important;border-right-style: solid !important;border-top-color: #d6d6d6 !important;border-top-style: solid !important;border-bottom-color: #d6d6d6 !important;border-bottom-style: solid !important;border-radius: 5px !important;}&#8221; animation_type=&#8221;fadeInUp&#8221;][vc_empty_space]<div id=\"ultimate-heading-516969f3c44fb2349\" class=\"uvc-heading ult-adjust-bottom-margin ultimate-heading-516969f3c44fb2349 uvc-716 \" data-hspacer=\"line_only\"  data-halign=\"center\" style=\"text-align:center\"><div class=\"uvc-main-heading ult-responsive\"  data-ultimate-target='.uvc-heading.ultimate-heading-516969f3c44fb2349 h2'  data-responsive-json-new='{\"font-size\":\"\",\"line-height\":\"\"}' ><h2 style=\"font-weight:normal;\">Dezerty v poh\u00e1rikoch <\/h2><\/div><div class=\"uvc-heading-spacer line_only\" style=\"margin-top:20px;margin-bottom:20px;height:3px;\"><span class=\"uvc-headings-line\" style=\"border-style:solid;border-bottom-width:3px;border-color:#758d1b;width:20px;\"><\/span><\/div><div class=\"uvc-sub-heading ult-responsive\"  data-ultimate-target='.uvc-heading.ultimate-heading-516969f3c44fb2349 .uvc-sub-heading '  data-responsive-json-new='{\"font-size\":\"desktop:18px;\",\"line-height\":\"\"}'  style=\"font-weight:normal;color:#000000;\">60ml<\/div><\/div>[vc_empty_space][vc_column_text]<\/p>\n<p style=\"text-align: center;\">panna cotta(ovocn\u00e1-vanilkov\u00e1)<br \/>\ncreme fraich cappuccino<br \/>\nmousse jogurtov\u00fd\/tvarohov\u00fd\/mascarpone s r\u00f4znym ovoc\u00edm<br \/>\nga\u0161tanov\u00e9 pyr\u00e9<\/p>\n<p style=\"text-align: center;\"><span style=\"color: #000000;\"><strong>1,20\u20ac<\/strong><\/span><\/p>\n<p>[\/vc_column_text][\/vc_column_inner][\/vc_row_inner][vc_empty_space][vc_row_inner gap=&#8221;20&#8243; animation_delay=&#8221;&#8221;][vc_column_inner animation_duration=&#8221;500&#8243; animation_delay=&#8221;500&#8243; css=&#8221;.vc_custom_1522070372190{border-top-width: 1px !important;border-right-width: 1px !important;border-bottom-width: 1px !important;border-left-width: 1px !important;padding-top: 20px !important;padding-right: 20px !important;padding-bottom: 20px !important;padding-left: 20px !important;border-left-color: #d6d6d6 !important;border-left-style: solid !important;border-right-color: #d6d6d6 !important;border-right-style: solid !important;border-top-color: #d6d6d6 !important;border-top-style: solid !important;border-bottom-color: #d6d6d6 !important;border-bottom-style: solid !important;border-radius: 5px !important;}&#8221; animation_type=&#8221;fadeInUp&#8221;][vc_empty_space]<div id=\"ultimate-heading-498769f3c44fb2364\" class=\"uvc-heading ult-adjust-bottom-margin ultimate-heading-498769f3c44fb2364 uvc-7594 \" data-hspacer=\"line_only\"  data-halign=\"center\" style=\"text-align:center\"><div class=\"uvc-main-heading ult-responsive\"  data-ultimate-target='.uvc-heading.ultimate-heading-498769f3c44fb2364 h2'  data-responsive-json-new='{\"font-size\":\"\",\"line-height\":\"\"}' ><h2 style=\"font-weight:normal;\">Doma pe\u010den\u00e9 \u0161tr\u00fadle<\/h2><\/div><div class=\"uvc-heading-spacer line_only\" style=\"margin-top:20px;margin-bottom:20px;height:3px;\"><span class=\"uvc-headings-line\" style=\"border-style:solid;border-bottom-width:3px;border-color:#758d1b;width:20px;\"><\/span><\/div><div class=\"uvc-sub-heading ult-responsive\"  data-ultimate-target='.uvc-heading.ultimate-heading-498769f3c44fb2364 .uvc-sub-heading '  data-responsive-json-new='{\"font-size\":\"desktop:18px;\",\"line-height\":\"\"}'  style=\"font-weight:normal;color:#000000;\">70g<\/div><\/div>[vc_empty_space][vc_column_text]<\/p>\n<p style=\"text-align: center;\">tvarohov\u00e1\u00a0s\u00a0hrozienkami<br \/>\nmakov\u00e1\u00a0s\u00a0vi\u0161\u0148ami<br \/>\njablkov\u00e1\u00a0so\u00a0\u0161koricou<\/p>\n<p style=\"text-align: center;\"><span style=\"color: #000000;\"><strong>1,10\u20ac<\/strong><\/span><\/p>\n<p>[\/vc_column_text][\/vc_column_inner][\/vc_row_inner][vc_empty_space][\/vc_column][vc_column width=&#8221;1\/6&#8243;][\/vc_column][\/vc_row]<\/p>\n<\/div>","protected":false},"excerpt":{"rendered":"<p>[vc_row gap=&#8221;10&#8243;][vc_column width=&#8221;1\/6&#8243;][\/vc_column][vc_column width=&#8221;2\/3&#8243;][vc_single_image image=&#8221;267&#8243; img_size=&#8221;200&#215;200&#8243; alignment=&#8221;center&#8221; style=&#8221;vc_box_shadow_border_circle_2&#8243; onclick=&#8221;link_image&#8221;][vc_row_inner gap=&#8221;20&#8243; animation_delay=&#8221;&#8221;][vc_column_inner animation_duration=&#8221;500&#8243; animation_delay=&#8221;500&#8243; css=&#8221;.vc_custom_1522070372190{border-top-width: 1px !important;border-right-width: 1px !important;border-bottom-width: 1px !important;border-left-width: 1px !important;padding-top: 20px !important;padding-right: 20px !important;padding-bottom: 20px !important;padding-left: 20px !important;border-left-color: #d6d6d6 !important;border-left-style: solid !important;border-right-color: #d6d6d6 !important;border-right-style: solid !important;border-top-color: #d6d6d6 !important;border-top-style: solid !important;border-bottom-color: #d6d6d6 !important;border-bottom-style: solid !important;border-radius: 5px !important;}&#8221; animation_type=&#8221;fadeInUp&#8221;][vc_empty_space][vc_empty_space][vc_column_text] viede\u0148sk\u00e1 Sacher kocka Tiramisu s kr\u00e9mom [&hellip;]<\/p>\n","protected":false},"author":1,"featured_media":0,"parent":18,"menu_order":0,"comment_status":"closed","ping_status":"closed","template":"","meta":{"footnotes":""},"class_list":["post-265","page","type-page","status-publish","hentry"],"_links":{"self":[{"href":"https:\/\/www.foodcatering.sk\/en\/wp-json\/wp\/v2\/pages\/265","targetHints":{"allow":["GET"]}}],"collection":[{"href":"https:\/\/www.foodcatering.sk\/en\/wp-json\/wp\/v2\/pages"}],"about":[{"href":"https:\/\/www.foodcatering.sk\/en\/wp-json\/wp\/v2\/types\/page"}],"author":[{"embeddable":true,"href":"https:\/\/www.foodcatering.sk\/en\/wp-json\/wp\/v2\/users\/1"}],"replies":[{"embeddable":true,"href":"https:\/\/www.foodcatering.sk\/en\/wp-json\/wp\/v2\/comments?post=265"}],"version-history":[{"count":10,"href":"https:\/\/www.foodcatering.sk\/en\/wp-json\/wp\/v2\/pages\/265\/revisions"}],"predecessor-version":[{"id":316,"href":"https:\/\/www.foodcatering.sk\/en\/wp-json\/wp\/v2\/pages\/265\/revisions\/316"}],"up":[{"embeddable":true,"href":"https:\/\/www.foodcatering.sk\/en\/wp-json\/wp\/v2\/pages\/18"}],"wp:attachment":[{"href":"https:\/\/www.foodcatering.sk\/en\/wp-json\/wp\/v2\/media?parent=265"}],"curies":[{"name":"wp","href":"https:\/\/api.w.org\/{rel}","templated":true}]}}