{"id":22,"date":"2018-03-19T09:48:34","date_gmt":"2018-03-19T08:48:34","guid":{"rendered":"http:\/\/www.foodcatering.sk\/?page_id=22"},"modified":"2018-04-10T10:33:49","modified_gmt":"2018-04-10T08:33:49","slug":"kontakt","status":"publish","type":"page","link":"https:\/\/www.foodcatering.sk\/en\/kontakt\/","title":{"rendered":"Contact"},"content":{"rendered":"<div class=\"wpb-content-wrapper\"><p>[vc_row equal_height=&#8221;yes&#8221;][vc_column width=&#8221;1\/3&#8243;]<div class=\"aio-icon-component    style_2\"><div id=\"Info-box-wrap-3642\" class=\"aio-icon-box square_box-icon\" style=\"border-color:#758d1b;border-style:solid;border-width:1px;background-color:#f7f7f7;\" data-min-height='235px' ><div class=\"aio-icon-square_box\"><div class=\"ult-just-icon-wrapper  \"><div class=\"align-icon\" style=\"text-align:center;\">\n<div class=\"aio-icon advanced \"  style=\"color:#758d1b;background:#f7f7f7;border-style:solid;border-color:#758d1b;border-width:1px;width:70px;height:70px;line-height:70px;border-radius:500px;font-size:32px;display:inline-block;\">\n\t<i class=\"Defaults-clock-o\"><\/i>\n<\/div><\/div><\/div><\/div><div class=\"aio-icon-header\" ><h3 class=\"aio-icon-title ult-responsive\"  data-ultimate-target='#Info-box-wrap-3642 .aio-icon-title'  data-responsive-json-new='{\"font-size\":\"\",\"line-height\":\"\"}'  style=\"\">Objedn\u00e1vky<\/h3><\/div> <!-- header --><div class=\"aio-icon-description ult-responsive\"  data-ultimate-target='#Info-box-wrap-3642 .aio-icon-description'  data-responsive-json-new='{\"font-size\":\"\",\"line-height\":\"\"}'  style=\"\">Objedn\u00e1vku treba uskuto\u010dni\u0165 de\u0148 vopred do 18:00 alebo telefonickou dohodou.<\/div> <!-- description --><\/div> <!-- aio-icon-box --><\/div> <!-- aio-icon-component -->[\/vc_column][vc_column width=&#8221;1\/3&#8243;]<div class=\"aio-icon-component    style_2\"><div id=\"Info-box-wrap-6146\" class=\"aio-icon-box square_box-icon\" style=\"border-color:#758d1b;border-style:solid;border-width:1px;background-color:#f7f7f7;\" data-min-height='235px' ><div class=\"aio-icon-square_box\"><div class=\"ult-just-icon-wrapper  \"><div class=\"align-icon\" style=\"text-align:center;\">\n<div class=\"aio-icon advanced \"  style=\"color:#758d1b;background:#f7f7f7;border-style:solid;border-color:#758d1b;border-width:1px;width:70px;height:70px;line-height:70px;border-radius:500px;font-size:32px;display:inline-block;\">\n\t<i class=\"Defaults-truck\"><\/i>\n<\/div><\/div><\/div><\/div><div class=\"aio-icon-header\" ><h3 class=\"aio-icon-title ult-responsive\"  data-ultimate-target='#Info-box-wrap-6146 .aio-icon-title'  data-responsive-json-new='{\"font-size\":\"\",\"line-height\":\"\"}'  style=\"\">Rozvoz<\/h3><\/div> <!-- header --><div class=\"aio-icon-description ult-responsive\"  data-ultimate-target='#Info-box-wrap-6146 .aio-icon-description'  data-responsive-json-new='{\"font-size\":\"\",\"line-height\":\"\"}'  style=\"\">BRATISLAVA, TRNAVA, PIE\u0160\u0164ANY, HLOHOVEC<\/div> <!-- description --><\/div> <!-- aio-icon-box --><\/div> <!-- aio-icon-component -->[\/vc_column][vc_column width=&#8221;1\/3&#8243;]<div class=\"aio-icon-component    style_2\"><div id=\"Info-box-wrap-4079\" class=\"aio-icon-box square_box-icon\" style=\"border-color:#758d1b;border-style:solid;border-width:1px;background-color:#f7f7f7;\" data-min-height='235px' ><div class=\"aio-icon-square_box\"><div class=\"ult-just-icon-wrapper  \"><div class=\"align-icon\" style=\"text-align:center;\">\n<div class=\"aio-icon advanced \"  style=\"color:#758d1b;background:#f7f7f7;border-style:solid;border-color:#758d1b;border-width:1px;width:70px;height:70px;line-height:70px;border-radius:500px;font-size:32px;display:inline-block;\">\n\t<i class=\"Defaults-tty\"><\/i>\n<\/div><\/div><\/div><\/div><div class=\"aio-icon-header\" ><h3 class=\"aio-icon-title ult-responsive\"  data-ultimate-target='#Info-box-wrap-4079 .aio-icon-title'  data-responsive-json-new='{\"font-size\":\"\",\"line-height\":\"\"}'  style=\"\">Kontakty<\/h3><\/div> <!-- header --><div class=\"aio-icon-description ult-responsive\"  data-ultimate-target='#Info-box-wrap-4079 .aio-icon-description'  data-responsive-json-new='{\"font-size\":\"\",\"line-height\":\"\"}'  style=\"\"><strong>VOLAJTE:\u00a0\u00a0<\/strong>(+421) 944 991 992<br \/>\n<strong>P\u00cd\u0160TE:\u00a0\u00a0<\/strong><a href=\"mailto:info@foodcatering.sk\">info@foodcatering.sk\u00a0<\/a><br \/>\n<strong>FOODCATERING s.r.o.<\/strong><br \/>\n<strong>I\u010cO:\u00a0\u00a0<\/strong>50597582<br \/>\n<strong>DI\u010c:\u00a0\u00a0<\/strong>2120404638<br \/>\n<strong>\u010c.\u00da:\u00a0<\/strong>\u00a0SK47 0200 0000 0037 6956 9451<\/div> <!-- description --><\/div> <!-- aio-icon-box --><\/div> <!-- aio-icon-component -->[\/vc_column][\/vc_row][vc_row][vc_column][vc_column_text]<\/p>\n<p style=\"text-align: center;\">Ak m\u00e1te z\u00e1ujem o na\u0161e slu\u017eby, sta\u010d\u00ed n\u00e1s mailom, alebo telefonicky kontaktova\u0165 a my na z\u00e1klade Va\u0161ich po\u017eiadaviek vypracujeme ponuku, ktor\u00e1 sl\u00fa\u017ei ako z\u00e1klad pre orient\u00e1ciu klienta a n\u00e1sledne radi zapracujeme Va\u0161e podnety.<\/p>\n<p>[\/vc_column_text][\/vc_column][\/vc_row]<\/p>\n<\/div>","protected":false},"excerpt":{"rendered":"<p>[vc_row equal_height=&#8221;yes&#8221;][vc_column width=&#8221;1\/3&#8243;][\/vc_column][vc_column width=&#8221;1\/3&#8243;][\/vc_column][vc_column width=&#8221;1\/3&#8243;][\/vc_column][\/vc_row][vc_row][vc_column][vc_column_text] Ak m\u00e1te z\u00e1ujem o na\u0161e slu\u017eby, sta\u010d\u00ed n\u00e1s mailom, alebo telefonicky kontaktova\u0165 a my na z\u00e1klade Va\u0161ich po\u017eiadaviek vypracujeme ponuku, ktor\u00e1 sl\u00fa\u017ei ako z\u00e1klad pre orient\u00e1ciu klienta a n\u00e1sledne radi zapracujeme Va\u0161e podnety. [\/vc_column_text][\/vc_column][\/vc_row]<\/p>\n","protected":false},"author":1,"featured_media":0,"parent":0,"menu_order":0,"comment_status":"closed","ping_status":"closed","template":"","meta":{"footnotes":""},"class_list":["post-22","page","type-page","status-publish","hentry"],"_links":{"self":[{"href":"https:\/\/www.foodcatering.sk\/en\/wp-json\/wp\/v2\/pages\/22","targetHints":{"allow":["GET"]}}],"collection":[{"href":"https:\/\/www.foodcatering.sk\/en\/wp-json\/wp\/v2\/pages"}],"about":[{"href":"https:\/\/www.foodcatering.sk\/en\/wp-json\/wp\/v2\/types\/page"}],"author":[{"embeddable":true,"href":"https:\/\/www.foodcatering.sk\/en\/wp-json\/wp\/v2\/users\/1"}],"replies":[{"embeddable":true,"href":"https:\/\/www.foodcatering.sk\/en\/wp-json\/wp\/v2\/comments?post=22"}],"version-history":[{"count":15,"href":"https:\/\/www.foodcatering.sk\/en\/wp-json\/wp\/v2\/pages\/22\/revisions"}],"predecessor-version":[{"id":280,"href":"https:\/\/www.foodcatering.sk\/en\/wp-json\/wp\/v2\/pages\/22\/revisions\/280"}],"wp:attachment":[{"href":"https:\/\/www.foodcatering.sk\/en\/wp-json\/wp\/v2\/media?parent=22"}],"curies":[{"name":"wp","href":"https:\/\/api.w.org\/{rel}","templated":true}]}}